{"id":13,"date":"2020-06-10T09:52:02","date_gmt":"2020-06-10T09:52:02","guid":{"rendered":"http:\/\/mode-kiene.de\/?page_id=13"},"modified":"2020-07-30T14:05:32","modified_gmt":"2020-07-30T14:05:32","slug":"impressum","status":"publish","type":"page","link":"http:\/\/mode-kiene.de\/?page_id=13","title":{"rendered":"Impressum"},"content":{"rendered":"\n<p>Mode Kiene<br>Inhaber Patricia Berkenk\u00e4mper-Stahl<br>Hauptstr.  106<br>78549 Spaichingen<br>Telefon:\u00a0<a href=\"tel:+4977771037\">+49 7424 90 52 33<\/a><br>Telefax: +49 7424 90 52 33<br>E-Mail:\u00a0patricia@mode-kiene.de<br>Internet:\u00a0<a href=\"http:\/\/www.kiene-mode.de\/\">http:\/\/www.mode-kiene.de<\/a><\/p>\n\n\n\n<p>Umsatzsteuer-Identifikationsnummer gem\u00e4\u00df \u00a7 27 a Umsatzsteuergesetz: beantragt<\/p>\n\n\n\n<p>Inhaltlich Verantwortlicher gem\u00e4\u00df \u00a7 55 Abs. 2 RStV: Patricia Berkenk\u00e4mper-Stahl<\/p>\n\n\n\n<h2 class=\"wp-block-heading\">Datenschutz-Erkl\u00e4rung<\/h2>\n\n\n\n<p>Unsere Datenschutz-Erkl\u00e4rung k\u00f6nnen Sie\u00a0<a href=\"http:\/\/mode-kiene.de\/?page_id=40\">hier<\/a>\u00a0einsehen.<\/p>\n","protected":false},"excerpt":{"rendered":"<p>Mode KieneInhaber Patricia Berkenk\u00e4mper-StahlHauptstr. 10678549 SpaichingenTelefon:\u00a0+49 7424 90 52 33Telefax: +49 7424 90 52 33E-Mail:\u00a0patricia@mode-kiene.deInternet:\u00a0http:\/\/www.mode-kiene.de Umsatzsteuer-Identifikationsnummer gem\u00e4\u00df \u00a7 27 a Umsatzsteuergesetz: beantragt Inhaltlich Verantwortlicher gem\u00e4\u00df \u00a7 55 Abs. 2 RStV: Patricia Berkenk\u00e4mper-Stahl Datenschutz-Erkl\u00e4rung Unsere Datenschutz-Erkl\u00e4rung k\u00f6nnen Sie\u00a0hier\u00a0einsehen.<\/p>\n","protected":false},"author":1,"featured_media":0,"parent":0,"menu_order":0,"comment_status":"closed","ping_status":"closed","template":"","meta":{"footnotes":""},"class_list":["post-13","page","type-page","status-publish","hentry"],"_links":{"self":[{"href":"http:\/\/mode-kiene.de\/index.php?rest_route=\/wp\/v2\/pages\/13","targetHints":{"allow":["GET"]}}],"collection":[{"href":"http:\/\/mode-kiene.de\/index.php?rest_route=\/wp\/v2\/pages"}],"about":[{"href":"http:\/\/mode-kiene.de\/index.php?rest_route=\/wp\/v2\/types\/page"}],"author":[{"embeddable":true,"href":"http:\/\/mode-kiene.de\/index.php?rest_route=\/wp\/v2\/users\/1"}],"replies":[{"embeddable":true,"href":"http:\/\/mode-kiene.de\/index.php?rest_route=%2Fwp%2Fv2%2Fcomments&post=13"}],"version-history":[{"count":2,"href":"http:\/\/mode-kiene.de\/index.php?rest_route=\/wp\/v2\/pages\/13\/revisions"}],"predecessor-version":[{"id":59,"href":"http:\/\/mode-kiene.de\/index.php?rest_route=\/wp\/v2\/pages\/13\/revisions\/59"}],"wp:attachment":[{"href":"http:\/\/mode-kiene.de\/index.php?rest_route=%2Fwp%2Fv2%2Fmedia&parent=13"}],"curies":[{"name":"wp","href":"https:\/\/api.w.org\/{rel}","templated":true}]}}